{"id":1029,"date":"2018-05-15T15:53:04","date_gmt":"2018-05-15T14:53:04","guid":{"rendered":"http:\/\/praxis-nover.de\/?page_id=1029"},"modified":"2025-07-02T23:58:57","modified_gmt":"2025-07-02T22:58:57","slug":"datenschutzerklaerung","status":"publish","type":"page","link":"https:\/\/praxis-nover.de\/?page_id=1029","title":{"rendered":"Datenschutzerkl\u00e4rung"},"content":{"rendered":"<p style=\"text-align: left;\"><strong>Datenschutzerkl\u00e4rung f\u00fcr die Praxis-Website nach den Vorgaben der Datenschutzgrundverordnung (DSGVO-EU)<\/strong><\/p>\n<p><strong>Name und Kontaktdaten der f\u00fcr die Verarbeitung Verantwortlichen<\/strong><strong><br \/>\n<\/strong>Diese Datenschutz-Information gilt f\u00fcr die Datenverarbeitung durch:<\/p>\n<p>Praxis Nover<br \/>\nPsychotherapie f\u00fcr Kinder und Jugendliche<br \/>\nMeckenheimer Allee 71<br \/>\n53115 Bonn<br \/>\nTel.: 0228-88683207<br \/>\nFax: 0228-96100991<br \/>\ninfo[at]praxis-nover.de<br \/>\nwww.praxis-nover.de<\/p>\n<p><strong>Erhebung und Speicherung personenbezogener Daten sowie Art und Zweck von deren Verwendung<\/strong><strong><br \/>\n<\/strong>Die Praxis Nover erhebt und verwendet personenbezogene Daten der Homepage-Nutzer grunds\u00e4tzlich nur, soweit dies zur Bereitstellung einer funktionierenden Website sowie der Inhalte und Leistungen erforderlich ist. Die Erhebung und Verwendung personenbezogener Daten der Nutzer erfolgt regelm\u00e4\u00dfig nur nach Einwilligung des Nutzers. Eine Ausnahme gilt nur in den F\u00e4llen, in denen eine vorherige Einholung einer Einwilligung aus tats\u00e4chlichen Gr\u00fcnden nicht m\u00f6glich ist und die Verarbeitung der Daten durch gesetzliche Vorschriften gestattet ist.<\/p>\n<p>Diese Homepage nutzt als Host das Unternehmen ALL-INKL.COM. Die Rechenzentren des Unternehmens befinden sich am Standort Dresden. Alle Kundendaten werden somit ausschlie\u00dflich auf Servern in Deutschland gespeichert und unterliegen damit auch den deutschen Datenschutzgesetzen, die zu den strengsten weltweit geh\u00f6ren. Beim Aufrufen der Website <strong><a href=\"http:\/\/www.praxis-nover.de\">www.praxis-nover.de<\/a><\/strong> werden durch den auf Ihrem jeweiligen Endger\u00e4t zum Einsatz kommenden Browser automatisch Informationen an den Server der Website gesendet. Diese Informationen werden vor\u00fcbergehend in einem sogenannten Logfile gespeichert. Folgende Informationen werden dabei ohne Ihr Zutun erfasst und bis zur automatisierten L\u00f6schung gespeichert:<\/p>\n<ul>\n<li>Uhrzeit und Datum des Zugriffs,<\/li>\n<li>IP-Adresse des anfragenden Rechners,<\/li>\n<li>Name und URL der abgerufenen Datei,<\/li>\n<li>Website, von der aus der Zugriff erfolgt (Referrer-URL),<\/li>\n<li>verwendeter Browser und ggf. das Betriebssystem Ihres Rechners sowie der Name Ihres Access-Providers.<\/li>\n<\/ul>\n<p>Die genannten Daten werden zu dem folgenden Zwecken durch die Praxis Nover verarbeitet:<\/p>\n<ul>\n<li>Gew\u00e4hrleistung eines reibungslosen Verbindungsaufbaus der Website,<\/li>\n<li>Gew\u00e4hrleistung einer komfortablen Nutzung unserer Website,<\/li>\n<li>Auswertung der Systemsicherheit und -stabilit\u00e4t sowie<\/li>\n<li>zu weiteren administrativen Zwecken.<\/li>\n<\/ul>\n<p>Die Rechtsgrundlage f\u00fcr die Datenverarbeitung ist Art.\u00a06 Abs.\u00a01 S.\u00a01 lit.\u00a0f DSGVO. Das\u00a0 berechtigte Interesse der Praxis Nover folgt aus den vorgenannten, oben aufgelisteten Zwecken zur Datenerhebung. In keinem Fall verwendet die Praxis Nover die erhobenen Daten zu dem Zweck, R\u00fcckschl\u00fcsse auf Ihre Person zu ziehen. Dar\u00fcber hinaus setzt die Praxis Nover\u00a0beim Besuch der Website keine Cookies sowie Analysedienste ein.<br \/>\nEine Kontaktaufnahme \u00fcber die auf der Website bereitgestellte Praxis-E-Mail-Adresse ist m\u00f6glich. In diesem Fall werden die mit der E-Mail \u00fcbermittelten personenbezogenen Daten des Nutzers gespeichert.<br \/>\nEs erfolgt in diesem Zusammenhang keine Weitergabe der Daten an Dritte. Die Daten werden ausschlie\u00dflich f\u00fcr die Verarbeitung der Kommunikation verwendet. Die Datenverarbeitung zum Zwecke der Kontaktaufnahme mit der Praxis Nover erfolgt nach Art.\u00a06 Abs.\u00a01 S.\u00a01 lit.\u00a0a DSGVO auf Grundlage Ihrer freiwillig erteilten Einwilligung.<\/p>\n<p><strong>Weitergabe von Daten<\/strong><strong><br \/>\n<\/strong>Eine \u00dcbermittlung Ihrer pers\u00f6nlichen Daten an Dritte zu anderen als den im Folgenden aufgef\u00fchrten Zwecken findet nicht statt.<br \/>\nDie Praxis Nover gibt Ihre pers\u00f6nlichen Daten nur an Dritte weiter, wenn:<br \/>\nSie Ihre nach Art.\u00a06 Abs.\u00a01 S.\u00a01 lit.\u00a0a DSGVO ausdr\u00fcckliche Einwilligung dazu erteilt haben,<\/p>\n<ul>\n<li>die Weitergabe nach Art.\u00a06 Abs.\u00a01 S.\u00a01 lit.\u00a0f DSGVO zur Geltendmachung, Aus\u00fcbung oder Verteidigung von Rechtsanspr\u00fcchen erforderlich ist und kein Grund zur Annahme besteht, dass Sie ein \u00fcberwiegendes schutzw\u00fcrdiges Interesse an der Nichtweitergabe Ihrer Daten haben,<\/li>\n<li>f\u00fcr den Fall, dass f\u00fcr die Weitergabe nach Art.\u00a06 Abs.\u00a01 S.\u00a01 lit.\u00a0c DSGVO eine gesetzliche Verpflichtung besteht, sowie<\/li>\n<li>dies gesetzlich zul\u00e4ssig und nach Art.\u00a06 Abs.\u00a01 S.\u00a01 lit.\u00a0b DSGVO f\u00fcr die Abwicklung von Vertragsverh\u00e4ltnissen mit Ihnen erforderlich ist.<\/li>\n<\/ul>\n<p><strong>Betroffenenrechte<\/strong><strong><br \/>\n<\/strong>Sie haben das Recht:<\/p>\n<ul>\n<li>gem\u00e4\u00df Art.\u00a015 DSGVO <strong>Auskunft \u00fcber Ihre von uns verarbeiteten personenbezogenen Daten<\/strong> zu verlangen. Insbesondere k\u00f6nnen Sie Auskunft \u00fcber die Verarbeitungszwecke, die Kategorie der personenbezogenen Daten, die Kategorien von Empf\u00e4ngern, gegen\u00fcber denen Ihre Daten offengelegt wurden oder werden, die geplante Speicherdauer, das Bestehen eines Rechts auf Berichtigung, L\u00f6schung, Einschr\u00e4nkung der Verarbeitung oder Widerspruch, das Bestehen eines Beschwerderechts, die Herkunft ihrer Daten, sofern diese nicht in der Praxis Nover erhoben wurden, sowie \u00fcber das Bestehen einer automatisierten Entscheidungsfindung einschlie\u00dflich Profiling und ggf. aussagekr\u00e4ftigen Informationen zu deren Einzelheiten verlangen;<\/li>\n<li>gem\u00e4\u00df Art.\u00a016 DSGVO unverz\u00fcglich die <strong>Berichtigung unrichtiger oder Vervollst\u00e4ndigung<\/strong> Ihrer in der Praxis Nover gespeicherten personenbezogenen Daten zu verlangen;<\/li>\n<li>gem\u00e4\u00df Art.\u00a017 DSGVO die <strong>L\u00f6schung<\/strong> Ihrer in der Praxis Nover gespeicherten personenbezogenen Daten zu verlangen, soweit nicht die Verarbeitung zur Aus\u00fcbung des Rechts auf freie Meinungs\u00e4u\u00dferung und Information, zur Erf\u00fcllung einer rechtlichen Verpflichtung, aus Gr\u00fcnden des \u00f6ffentlichen Interesses oder zur Geltendmachung, Aus\u00fcbung oder Verteidigung von Rechtsanspr\u00fcchen erforderlich ist;<\/li>\n<li>gem\u00e4\u00df Art.\u00a018 DSGVO die <strong>Einschr\u00e4nkung der Verarbeitung Ihrer personenbezogenen Daten<\/strong> zu verlangen, soweit die Richtigkeit der Daten von Ihnen bestritten wird, die Verarbeitung unrechtm\u00e4\u00dfig ist, Sie aber deren L\u00f6schung ablehnen und die Praxis Nover die Daten nicht mehr ben\u00f6tigt, Sie jedoch diese zur Geltendmachung, Aus\u00fcbung oder Verteidigung von Rechtsanspr\u00fcchen ben\u00f6tigen oder Sie gem\u00e4\u00df Art.\u00a021 DSGVO Widerspruch gegen die Verarbeitung eingelegt haben;<\/li>\n<li>gem\u00e4\u00df Art.\u00a020 DSGVO Ihre personenbezogenen Daten, die Sie der Praxis Nover bereitgestellt haben, in einem <strong>strukturierten, g\u00e4ngigen und maschinenlesebaren Format<\/strong> zu erhalten oder die \u00dcbermittlung an einen anderen Verantwortlichen zu verlangen;<\/li>\n<li>gem\u00e4\u00df Art.\u00a07 Abs.\u00a03 DSGVO Ihre einmal erteilte <strong>Einwilligung jederzeit gegen\u00fcber der Praxis Nover zu widerrufen.<\/strong> Dies hat zur Folge, dass wir die Datenverarbeitung, die auf dieser Einwilligung beruhte, f\u00fcr die Zukunft nicht mehr fortf\u00fchren d\u00fcrfen und<\/li>\n<li>gem\u00e4\u00df Art.\u00a077 DSGVO sich bei einer <strong>Aufsichtsbeh\u00f6rde zu beschweren<\/strong>. In der Regel k\u00f6nnen Sie sich hierf\u00fcr an die Aufsichtsbeh\u00f6rde Ihres \u00fcblichen Aufenthaltsortes oder Arbeitsplatzes oder des Praxissitzes wenden.<\/li>\n<\/ul>\n<p><strong>Widerspruchsrecht<\/strong><strong><br \/>\n<\/strong>Sofern Ihre personenbezogenen Daten auf Grundlage von berechtigten Interessen gem\u00e4\u00df Art.\u00a06 Abs.\u00a01 S.\u00a01 lit.\u00a0f DSGVO verarbeitet werden, haben Sie das Recht, gem\u00e4\u00df Art.\u00a021 DSGVO Widerspruch gegen die Verarbeitung Ihrer personenbezogenen Daten einzulegen, soweit daf\u00fcr Gr\u00fcnde vorliegen, die sich aus Ihrer besonderen Situation ergeben oder sich der Widerspruch gegen Direktwerbung richtet. Im letzteren Fall haben Sie ein generelles Widerspruchsrecht, das ohne Angabe einer besonderen Situation von der Praxis Nover umgesetzt wird. M\u00f6chten Sie von Ihrem Widerrufs- oder Widerspruchsrecht Gebrauch machen, gen\u00fcgt eine E-Mail an info[at]praxis-nover.de<\/p>\n<p><strong>Datensicherheit<\/strong><strong><br \/>\n<\/strong>Die Praxis Nover verwendet innerhalb des Website-Besuchs das verbreitete SSL-Verfahren (Secure Socket Layer) in Verbindung mit der jeweils h\u00f6chsten Verschl\u00fcsselungsstufe, die von Ihrem Browser unterst\u00fctzt wird. In der Regel handelt es sich dabei um eine 256 Bit Verschl\u00fcsselung. Falls Ihr Browser keine 256-Bit Verschl\u00fcsselung unterst\u00fctzt, greift die Praxis Nover stattdessen auf 128-Bit v3 Technologie zur\u00fcck. Ob eine einzelne Seite unseres Internetauftrittes verschl\u00fcsselt \u00fcbertragen wird, erkennen Sie an der geschlossenen Darstellung des Sch\u00fcssel- beziehungsweise Schloss-Symbols in der unteren Statusleiste Ihres Browsers.<br \/>\nDie Praxis Nover bedient sich im \u00dcbrigen geeigneter technischer und organisatorischer Sicherheitsma\u00dfnahmen, um Ihre Daten gegen zuf\u00e4llige oder vors\u00e4tzliche Manipulationen, teilweisen oder vollst\u00e4ndigen Verlust, Zerst\u00f6rung oder gegen den unbefugten Zugriff Dritter zu sch\u00fctzen. Unsere Sicherheitsma\u00dfnahmen werden entsprechend der technologischen Entwicklung fortlaufend verbessert.<\/p>\n<p><strong>Aktualit\u00e4t und \u00c4nderung dieser Datenschutzerkl\u00e4rung<\/strong><strong><br \/>\n<\/strong>Diese Datenschutzerkl\u00e4rung ist aktuell g\u00fcltig und hat den Stand Mai 2018.<br \/>\nDurch die Weiterentwicklung der Website und Angebote dar\u00fcber oder aufgrund ge\u00e4nderter gesetzlicher beziehungsweise beh\u00f6rdlicher Vorgaben kann es notwendig werden, diese Datenschutzerkl\u00e4rung zu \u00e4ndern. Die jeweils aktuelle Datenschutzerkl\u00e4rung kann jederzeit auf der Website www.praxis-nover.de von Ihnen abgerufen und ausgedruckt werden.<\/p>\n","protected":false},"excerpt":{"rendered":"<p>Datenschutzerkl\u00e4rung f\u00fcr die Praxis-Website nach den Vorgaben der Datenschutzgrundverordnung (DSGVO-EU) Name und Kontaktdaten der f\u00fcr die Verarbeitung Verantwortlichen Diese Datenschutz-Information gilt f\u00fcr die Datenverarbeitung durch: Praxis Nover Psychotherapie f\u00fcr Kinder und Jugendliche Meckenheimer Allee 71 53115 Bonn Tel.: 0228-88683207 Fax: 0228-96100991 info[at]praxis-nover.de www.praxis-nover.de Erhebung und Speicherung personenbezogener Daten sowie Art und Zweck von deren Verwendung [&hellip;]<\/p>\n","protected":false},"author":1,"featured_media":0,"parent":1047,"menu_order":2,"comment_status":"closed","ping_status":"closed","template":"","meta":{"saved_in_kubio":true,"footnotes":""},"class_list":["post-1029","page","type-page","status-publish","hentry"],"kubio_ai_page_context":{"short_desc":"","purpose":"general"},"_links":{"self":[{"href":"https:\/\/praxis-nover.de\/index.php?rest_route=\/wp\/v2\/pages\/1029","targetHints":{"allow":["GET"]}}],"collection":[{"href":"https:\/\/praxis-nover.de\/index.php?rest_route=\/wp\/v2\/pages"}],"about":[{"href":"https:\/\/praxis-nover.de\/index.php?rest_route=\/wp\/v2\/types\/page"}],"author":[{"embeddable":true,"href":"https:\/\/praxis-nover.de\/index.php?rest_route=\/wp\/v2\/users\/1"}],"replies":[{"embeddable":true,"href":"https:\/\/praxis-nover.de\/index.php?rest_route=%2Fwp%2Fv2%2Fcomments&post=1029"}],"version-history":[{"count":12,"href":"https:\/\/praxis-nover.de\/index.php?rest_route=\/wp\/v2\/pages\/1029\/revisions"}],"predecessor-version":[{"id":1780,"href":"https:\/\/praxis-nover.de\/index.php?rest_route=\/wp\/v2\/pages\/1029\/revisions\/1780"}],"up":[{"embeddable":true,"href":"https:\/\/praxis-nover.de\/index.php?rest_route=\/wp\/v2\/pages\/1047"}],"wp:attachment":[{"href":"https:\/\/praxis-nover.de\/index.php?rest_route=%2Fwp%2Fv2%2Fmedia&parent=1029"}],"curies":[{"name":"wp","href":"https:\/\/api.w.org\/{rel}","templated":true}]}}