{"id":94,"date":"2014-01-28T12:09:44","date_gmt":"2014-01-28T11:09:44","guid":{"rendered":"http:\/\/praxis-kjp-bonn.de\/?page_id=94"},"modified":"2024-11-13T22:27:18","modified_gmt":"2024-11-13T21:27:18","slug":"impressum","status":"publish","type":"page","link":"https:\/\/praxis-nover.de\/?page_id=94","title":{"rendered":"Impressum"},"content":{"rendered":"<p><strong>Impressum<\/strong><\/p>\n<p><strong>Anbieterkennzeichnung gem\u00e4\u00df \u00a7 5 TMG<br \/>\n<\/strong>Praxis Nover<br \/>\nPsychotherapie f\u00fcr Kinder und Jugendliche<br \/>\nMeckenheimer Allee 71<br \/>\n53115 Bonn<br \/>\nTel.: 0228-88683207<br \/>\nFax: 0228-96100991<br \/>\ninfo [at] praxis-nover.de<br \/>\nwww.praxis-nover.de<\/p>\n<p>Verantwortlich f\u00fcr den Inhalt nach \u00a7 55 Abs. 2 RStV: Britta Nover<\/p>\n<p><strong>Umsatzsteuer-Identifikationsnummer gem\u00e4\u00df \u00a7 27a Umsatzsteuergesetz<\/strong><strong><br \/>\n<\/strong>Die Umsatzsteueridentifikationsnummer entf\u00e4llt, denn psychotherapeutische Leistungen sind nach \u00a7 4 Nr.14 UStG von der Umsatzsteuer befreit.<\/p>\n<p><strong>Geltungsraum der Versicherung<br \/>\n<\/strong>Deutschland<\/p>\n<p><strong>Gesetzliche Berufsbezeichnung zu der Praxisinhaberin<br \/>\n<\/strong>Dipl.-Soz.P\u00e4d. (FH) Britta Nover<br \/>\nKinder- und Jugendlichenpsychotherapeutin,<br \/>\nverliehen in der Bundesrepublik Deutschland<\/p>\n<p><strong>Ma\u00dfgebliche berufsrechtliche Regelungen<br \/>\n<\/strong>Gesetz \u00fcber die Berufe des Psychologischen Psychotherapeuten und des Kinder- und Jugendlichenpsychotherapeuten in der jeweils geltenden Fassung (PsychThG)<br \/>\nGesetz \u00fcber das Berufsrecht und die Kammern der \u00c4rzte, Zahn\u00e4rzte, Tier\u00e4rzte, Apotheker, Psychologischen Psychotherapeuten sowie der Kinder- und Jugendlichenpsychotherapeuten (Heilberufsgesetz NRW) in der jeweils geltenden Fassung Berufsordnung f\u00fcr Psychologische Psychotherapeuten und Kinder- und Jugendlichenpsychotherapeuten der Landespsychotherapeutenkammer NRW in der jeweils geltenden Fassung<strong><br \/>\n<\/strong>Texte der vorgenannten Bestimmungen sind im Buchhandel erh\u00e4ltlich oder auf der Homepage der zust\u00e4ndigen Aufsichtsbeh\u00f6rde (z.B. unter www.ptk-nrw.de) abrufbar.<\/p>\n<p><strong>Zugeh\u00f6rige Aufsichtsbeh\u00f6rde<br \/>\n<\/strong>Psychotherapeutenkammer NRW, Willst\u00e4tterstra\u00dfe 10, 40549 D\u00fcsseldorf, Tel.: 0211-522847-0, Fax: 0211-522847-15, E-Mail: info@ptk-nrw.de, Internet: www.ptk-nrw.de<\/p>\n<p><strong>Berufsrechtliche Angaben zu der in der Praxis Nover angestellten Kinder- und Jugendlichenpsychotherapeutin<br \/>\n<\/strong>Linda Isenberg<br \/>\nKinder- und Jugendlichenpsychotherapeutin,<br \/>\nverliehen in der Bundesrepublik Deutschland, Approbation verliehen durch das Landespr\u00fcfungsamt Sachsen (Approbationsbeh\u00f6rde)<\/p>\n<p><strong>Kammerzugeh\u00f6rigkeit<br \/>\n<\/strong>Psychotherapeutenkammer NRW, Willst\u00e4tterstra\u00dfe 10, 40549 D\u00fcsseldorf, Tel.: 0211-522847-0, Fax: 0211-522847-15, E-Mail: info@ptk-nrw.de, Internet: www.ptk-nrw.de<\/p>\n<p><strong>Zust\u00e4ndige Aufsichtsbeh\u00f6rde f\u00fcr vertragspsychotherapeutische T\u00e4tigkeiten<br \/>\n<\/strong>Kassen\u00e4rztliche Vereinigung Nordrhein, Tersteegenstra\u00dfe 9, 40474 D\u00fcsseldorf, Tel.: 0211-5970-0, Fax: 0211-59708287, E-Mail: kvno.hauptstelle@kvno.de, Internet: www.kvno.de<\/p>\n<p><strong>Zust\u00e4ndige Aufsichtsbeh\u00f6rde (approbationsrechtlich) \/ zust\u00e4ndige Bezirksregierung<br \/>\n<\/strong>Bezirksregierung K\u00f6ln, Zeughausstra\u00dfe 2-10, 50667 K\u00f6ln, Tel.: 0221-1470, Fax: 0221-1473185, E-Mail: poststelle@bezreg-koeln.nrw.de, Internet: www.bezreg-koeln.nrw.de<\/p>\n<p>Alle auf der Seite vorgestellten Psychotherapeut*innen haben Ihre Approbation und damit Ihre Zulassung zum Beruf des*der Psychotherapeuten*in durch die jeweils zust\u00e4ndige Landesbeh\u00f6rde der Bundesrepublik Deutschland verliehen bekommen (sofern nicht im Impressum oder in der Vita abweichende Angaben genannt sind). Die Informationen zu den berufsrechtlichen Regeln sowie zu den zust\u00e4ndigen Aufsichtsbeh\u00f6rden\/Kammern gelten entsprechend.<\/p>\n<p><strong>Au\u00dfergerichtliche Streitschlichtung<br \/>\n<\/strong>Die EU-Kommission stellt eine Plattform zur Online-Streitbeilegung (OS-Plattform) verbraucherrechtlicher Streitigkeiten bereit, die aus Online-Kaufvertr\u00e4gen und Online-Dienstleistungsvertr\u00e4gen resultieren. <strong><br \/>\n<\/strong>Diese Plattform erreichen Sie im Internet unter: http:\/\/ec.europa.eu\/consumers\/odr\/. Die Praxis Nover ist nicht bereit oder verpflichtet, an Streitbeilegungsverfahren vor einer Verbraucherschlichtungsstelle teilzunehmen. Der Praxis Nover ist vielmehr daran gelegen, Streitigkeiten mit den Patient*innen im direkten Kontakt zu kl\u00e4ren. Bitte wenden Sie sich an den Kundenservice.<strong><br \/>\n<\/strong>Die Praxis Nover ist erreichbar unter der folgenden E-Mail-Adresse: info[at]praxis-nover.de (bitte \u201e[at]\u201c mit dem Symbol \u201e@\u201c ersetzen)<\/p>\n<p><strong>Haftung f\u00fcr Inhalte<br \/>\n<\/strong>Alle Angaben und Daten wurden nach bestem Wissen erstellt, es wird jedoch keine Gew\u00e4hr f\u00fcr deren Vollst\u00e4ndigkeit und Richtigkeit \u00fcbernommen.<strong><br \/>\n<\/strong>Als Diensteanbieter ist die Praxis Nover wir gem\u00e4\u00df \u00a7 7 Abs.1 TMG f\u00fcr eigene Inhalte auf diesen Seiten nach den allgemeinen Gesetzen verantwortlich. Nach \u00a7\u00a7 8 bis 10 TMG ist die Praxis Nover als Diensteanbieter jedoch nicht verpflichtet, \u00fcbermittelte oder gespeicherte fremde Informationen zu \u00fcberwachen oder nach Umst\u00e4nden zu forschen, die auf eine rechtswidrige T\u00e4tigkeit hinweisen.<strong><br \/>\n<\/strong>Verpflichtungen zur Entfernung oder Sperrung der Nutzung von Informationen nach den allgemeinen Gesetzen bleiben hiervon unber\u00fchrt. Eine diesbez\u00fcgliche Haftung ist jedoch erst ab dem Zeitpunkt der Kenntnis einer konkreten Rechtsverletzung m\u00f6glich. Bei Bekanntwerden von entsprechenden Rechtsverletzungen wird die Praxis Nover diese Inhalte umgehend entfernen.<\/p>\n<p><strong>Haftung f\u00fcr Links<br \/>\n<\/strong>Das Angebot der Praxis Nover enth\u00e4lt Links zu externen Websites Dritter, auf deren Inhalte die Praxis Nover keinen Einfluss hat. Deshalb kann die Praxis Nover f\u00fcr diese fremden Inhalte auch keine Gew\u00e4hr \u00fcbernehmen. F\u00fcr die Inhalte der verlinkten Seiten ist stets der jeweilige Anbieter oder Betreiber der Seiten verantwortlich. Die verlinkten Seiten wurden zum Zeitpunkt der Verlinkung auf m\u00f6gliche Rechtsverst\u00f6\u00dfe \u00fcberpr\u00fcft. Rechtswidrige Inhalte waren zum Zeitpunkt der Verlinkung nicht erkennbar. Deshalb distanziert sich die Praxis Nover hiermit ausdr\u00fccklich von allen Inhalten aller gelinkten Seiten.<strong><br \/>\n<\/strong>Eine permanente inhaltliche Kontrolle der verlinkten Seiten ist jedoch ohne konkrete Anhaltspunkte einer Rechtsverletzung nicht zumutbar. Bei Bekanntwerden von Rechtsverletzungen wird die Praxis Nover derartige Links umgehend entfernen.<\/p>\n<p><strong>Urheberrecht<br \/>\n<\/strong>Alle in diesem Angebot ver\u00f6ffentlichten Beitr\u00e4ge sind urheberrechtlich gesch\u00fctzt. Die durch die Seitenbetreiber erstellten Inhalte und Werke auf diesen Seiten unterliegen dem deutschen Urheberrecht. Die Vervielf\u00e4ltigung, Bearbeitung, Verbreitung und jede Art der Verwertung au\u00dferhalb der Grenzen des Urheberrechtes bed\u00fcrfen der schriftlichen Zustimmung des jeweiligen Autors bzw. Erstellers. Downloads und Kopien dieser Seite sind nur f\u00fcr den privaten, nicht kommerziellen Gebrauch gestattet. Angebote und Allgemeine Gesch\u00e4ftsbedingungen (AGB) d\u00fcrfen f\u00fcr Bestellungen jedoch ausgedruckt werden.<strong><br \/>\n<\/strong>Soweit die Inhalte auf dieser Seite nicht vom Betreiber erstellt wurden, werden die Urheberrechte Dritter beachtet. Insbesondere werden Inhalte Dritter als solche gekennzeichnet. Sollten Sie trotzdem auf eine Urheberrechtsverletzung aufmerksam werden, bittet die Praxis Nover um einen entsprechenden Hinweis. Bei Bekanntwerden von Rechtsverletzungen wird die Praxis Nover derartige Inhalte umgehend entfernen.<\/p>\n","protected":false},"excerpt":{"rendered":"<p>Impressum Anbieterkennzeichnung gem\u00e4\u00df \u00a7 5 TMG Praxis Nover Psychotherapie f\u00fcr Kinder und Jugendliche Meckenheimer Allee 71 53115 Bonn Tel.: 0228-88683207 Fax: 0228-96100991 info [at] praxis-nover.de www.praxis-nover.de Verantwortlich f\u00fcr den Inhalt nach \u00a7 55 Abs. 2 RStV: Britta Nover Umsatzsteuer-Identifikationsnummer gem\u00e4\u00df \u00a7 27a Umsatzsteuergesetz Die Umsatzsteueridentifikationsnummer entf\u00e4llt, denn psychotherapeutische Leistungen sind nach \u00a7 4 Nr.14 UStG [&hellip;]<\/p>\n","protected":false},"author":1,"featured_media":0,"parent":1047,"menu_order":1,"comment_status":"closed","ping_status":"closed","template":"","meta":{"saved_in_kubio":false,"footnotes":""},"class_list":["post-94","page","type-page","status-publish","hentry"],"kubio_ai_page_context":{"short_desc":"","purpose":"general"},"_links":{"self":[{"href":"https:\/\/praxis-nover.de\/index.php?rest_route=\/wp\/v2\/pages\/94","targetHints":{"allow":["GET"]}}],"collection":[{"href":"https:\/\/praxis-nover.de\/index.php?rest_route=\/wp\/v2\/pages"}],"about":[{"href":"https:\/\/praxis-nover.de\/index.php?rest_route=\/wp\/v2\/types\/page"}],"author":[{"embeddable":true,"href":"https:\/\/praxis-nover.de\/index.php?rest_route=\/wp\/v2\/users\/1"}],"replies":[{"embeddable":true,"href":"https:\/\/praxis-nover.de\/index.php?rest_route=%2Fwp%2Fv2%2Fcomments&post=94"}],"version-history":[{"count":33,"href":"https:\/\/praxis-nover.de\/index.php?rest_route=\/wp\/v2\/pages\/94\/revisions"}],"predecessor-version":[{"id":1175,"href":"https:\/\/praxis-nover.de\/index.php?rest_route=\/wp\/v2\/pages\/94\/revisions\/1175"}],"up":[{"embeddable":true,"href":"https:\/\/praxis-nover.de\/index.php?rest_route=\/wp\/v2\/pages\/1047"}],"wp:attachment":[{"href":"https:\/\/praxis-nover.de\/index.php?rest_route=%2Fwp%2Fv2%2Fmedia&parent=94"}],"curies":[{"name":"wp","href":"https:\/\/api.w.org\/{rel}","templated":true}]}}